{"id":68,"date":"2024-08-01T01:55:38","date_gmt":"2024-08-01T01:55:38","guid":{"rendered":"https:\/\/redeblox.com.br\/?page_id=68"},"modified":"2024-09-07T01:06:53","modified_gmt":"2024-09-07T01:06:53","slug":"a-propos-de-nous","status":"publish","type":"page","link":"https:\/\/redeblox.com.br\/fr\/a-propos-de-nous\/","title":{"rendered":"\u00c0 propos de nous"},"content":{"rendered":"<p class=\"has-medium-font-size\" style=\"margin-top:0;margin-right:0;margin-bottom:0;margin-left:0;padding-top:0;padding-right:0;padding-bottom:0;padding-left:0\">Bienvenue sur Rede Blox, votre portail d\u00e9finitif pour vous immerger dans le monde fascinant des jeux et des nouvelles passionnantes disponibles sur la plateforme Roblox !<\/p>\n\n\n\n<div class=\"wp-block-media-text is-image-fill\" style=\"grid-template-columns:40% auto\"><figure class=\"wp-block-media-text__media\" style=\"background-image:url(https:\/\/redeblox.com.br\/wp-content\/uploads\/2024\/08\/Screenshot-at-Aug-02-00-32-42.png);background-position:56% 45%\"><img loading=\"lazy\" decoding=\"async\" width=\"597\" height=\"799\" src=\"https:\/\/redeblox.com.br\/wp-content\/uploads\/2024\/08\/Screenshot-at-Aug-02-00-32-42.png\" alt=\"\" class=\"wp-image-101 size-full\" srcset=\"https:\/\/redeblox.com.br\/wp-content\/uploads\/2024\/08\/Screenshot-at-Aug-02-00-32-42.png 597w, https:\/\/redeblox.com.br\/wp-content\/uploads\/2024\/08\/Screenshot-at-Aug-02-00-32-42-224x300.png 224w\" sizes=\"auto, (max-width: 597px) 100vw, 597px\" \/><\/figure><div class=\"wp-block-media-text__content\">\n<p>Fond\u00e9e par <strong>Willian Santos<\/strong>plus connu sous le nom de<strong> KAPOLAR<\/strong>, un YouTuber de Roblox qui compte plus d'un million d'abonn\u00e9s \u00e0 sa cha\u00eene, le <strong>R\u00e9seau Blox<\/strong> est n\u00e9e d'une passion pour le partage des connaissances et de l'enthousiasme concernant l'incroyable univers de possibilit\u00e9s qu'offre Roblox.<\/p>\n<\/div><\/div>\n\n\n<div class=\"wp-block-site-logo\"><img loading=\"lazy\" decoding=\"async\" width=\"127\" height=\"127\" src=\"https:\/\/redeblox.com.br\/wp-content\/uploads\/2024\/08\/cropped-Favicoin.png\" class=\"custom-logo\" alt=\"Blox Network - Votre portail d&#039;actualit\u00e9s Roblox !\" srcset=\"https:\/\/redeblox.com.br\/wp-content\/uploads\/2024\/08\/cropped-Favicoin.png 512w, https:\/\/redeblox.com.br\/wp-content\/uploads\/2024\/08\/cropped-Favicoin-300x300.png 300w, https:\/\/redeblox.com.br\/wp-content\/uploads\/2024\/08\/cropped-Favicoin-150x150.png 150w, https:\/\/redeblox.com.br\/wp-content\/uploads\/2024\/08\/cropped-Favicoin-270x270.png 270w, https:\/\/redeblox.com.br\/wp-content\/uploads\/2024\/08\/cropped-Favicoin-192x192.png 192w, https:\/\/redeblox.com.br\/wp-content\/uploads\/2024\/08\/cropped-Favicoin-180x180.png 180w, https:\/\/redeblox.com.br\/wp-content\/uploads\/2024\/08\/cropped-Favicoin-32x32.png 32w\" sizes=\"auto, (max-width: 127px) 100vw, 127px\" \/><\/div>\n\n\n<p>Sur notre blog, vous trouverez des analyses d\u00e9taill\u00e9es des jeux les plus populaires de la plateforme, la couverture des derni\u00e8res mises \u00e0 jour et l'actualit\u00e9 de Roblox. Notre engagement est de vous fournir, cher lecteur, des informations pr\u00e9cises et utiles afin que vous puissiez tirer le meilleur parti de votre exp\u00e9rience dans l'univers Roblox.<\/p>\n\n\n\n<p>Que vous soyez un nouveau venu curieux ou un v\u00e9t\u00e9ran chevronn\u00e9, le r\u00e9seau Blox est l\u00e0 pour vous guider dans ce monde de jeux vaste et diversifi\u00e9. Rejoignez-nous dans ce voyage passionnant pour explorer de nouveaux mondes, d\u00e9fier nos comp\u00e9tences et vous amuser au maximum dans Roblox !<\/p>\n\n\n\n<p>Merci de faire partie de cette aventure. Nous sommes ravis de partager nos connaissances et notre enthousiasme avec vous et la communaut\u00e9 Roblox !<\/p>","protected":false},"excerpt":{"rendered":"<p>Bienvenue sur Rede Blox, votre portail d\u00e9finitif pour vous immerger dans le monde fascinant des jeux et des nouvelles \u00e9lectrisantes disponibles sur la plateforme Roblox ! Fond\u00e9 par Willian Santos, mieux connu sous le nom de KAPOLAR, un YouTubeur Roblox avec plus d'un million d'abonn\u00e9s \u00e0 sa cha\u00eene, Rede Blox est n\u00e9 d'une passion pour le partage des connaissances et de l'enthousiasme [...]<\/p>","protected":false},"author":1,"featured_media":0,"parent":0,"menu_order":0,"comment_status":"closed","ping_status":"closed","template":"","meta":{"footnotes":""},"class_list":["post-68","page","type-page","status-publish","hentry"],"blocksy_meta":[],"_links":{"self":[{"href":"https:\/\/redeblox.com.br\/fr\/wp-json\/wp\/v2\/pages\/68","targetHints":{"allow":["GET"]}}],"collection":[{"href":"https:\/\/redeblox.com.br\/fr\/wp-json\/wp\/v2\/pages"}],"about":[{"href":"https:\/\/redeblox.com.br\/fr\/wp-json\/wp\/v2\/types\/page"}],"author":[{"embeddable":true,"href":"https:\/\/redeblox.com.br\/fr\/wp-json\/wp\/v2\/users\/1"}],"replies":[{"embeddable":true,"href":"https:\/\/redeblox.com.br\/fr\/wp-json\/wp\/v2\/comments?post=68"}],"version-history":[{"count":6,"href":"https:\/\/redeblox.com.br\/fr\/wp-json\/wp\/v2\/pages\/68\/revisions"}],"predecessor-version":[{"id":494,"href":"https:\/\/redeblox.com.br\/fr\/wp-json\/wp\/v2\/pages\/68\/revisions\/494"}],"wp:attachment":[{"href":"https:\/\/redeblox.com.br\/fr\/wp-json\/wp\/v2\/media?parent=68"}],"curies":[{"name":"wp","href":"https:\/\/api.w.org\/{rel}","templated":true}]}}