{"id":68,"date":"2024-08-01T01:55:38","date_gmt":"2024-08-01T01:55:38","guid":{"rendered":"https:\/\/redeblox.com.br\/?page_id=68"},"modified":"2024-09-07T01:06:53","modified_gmt":"2024-09-07T01:06:53","slug":"acerca-de-nosotros","status":"publish","type":"page","link":"https:\/\/redeblox.com.br\/es\/acerca-de-nosotros\/","title":{"rendered":"Qui\u00e9nes somos"},"content":{"rendered":"<p class=\"has-medium-font-size\" style=\"margin-top:0;margin-right:0;margin-bottom:0;margin-left:0;padding-top:0;padding-right:0;padding-bottom:0;padding-left:0\">Bienvenido a Rede Blox, tu portal definitivo para sumergirte en el fascinante mundo de los juegos y las emocionantes novedades disponibles en la plataforma Roblox.<\/p>\n\n\n\n<div class=\"wp-block-media-text is-image-fill\" style=\"grid-template-columns:40% auto\"><figure class=\"wp-block-media-text__media\" style=\"background-image:url(https:\/\/redeblox.com.br\/wp-content\/uploads\/2024\/08\/Screenshot-at-Aug-02-00-32-42.png);background-position:56% 45%\"><img loading=\"lazy\" decoding=\"async\" width=\"597\" height=\"799\" src=\"https:\/\/redeblox.com.br\/wp-content\/uploads\/2024\/08\/Screenshot-at-Aug-02-00-32-42.png\" alt=\"\" class=\"wp-image-101 size-full\" srcset=\"https:\/\/redeblox.com.br\/wp-content\/uploads\/2024\/08\/Screenshot-at-Aug-02-00-32-42.png 597w, https:\/\/redeblox.com.br\/wp-content\/uploads\/2024\/08\/Screenshot-at-Aug-02-00-32-42-224x300.png 224w\" sizes=\"auto, (max-width: 597px) 100vw, 597px\" \/><\/figure><div class=\"wp-block-media-text__content\">\n<p>Fundada por <strong>Willian Santos<\/strong>m\u00e1s conocido como<strong> KAPOLAR<\/strong>un YouTuber de Roblox con m\u00e1s de 1 mill\u00f3n de suscriptores en su canal, el <strong>Red Blox<\/strong> surgi\u00f3 de la pasi\u00f3n por compartir conocimientos y entusiasmo sobre el incre\u00edble universo de posibilidades que ofrece Roblox.<\/p>\n<\/div><\/div>\n\n\n<div class=\"wp-block-site-logo\"><img loading=\"lazy\" decoding=\"async\" width=\"127\" height=\"127\" src=\"https:\/\/redeblox.com.br\/wp-content\/uploads\/2024\/08\/cropped-Favicoin.png\" class=\"custom-logo\" alt=\"Red Blox - \u00a1Tu portal de noticias Roblox!\" srcset=\"https:\/\/redeblox.com.br\/wp-content\/uploads\/2024\/08\/cropped-Favicoin.png 512w, https:\/\/redeblox.com.br\/wp-content\/uploads\/2024\/08\/cropped-Favicoin-300x300.png 300w, https:\/\/redeblox.com.br\/wp-content\/uploads\/2024\/08\/cropped-Favicoin-150x150.png 150w, https:\/\/redeblox.com.br\/wp-content\/uploads\/2024\/08\/cropped-Favicoin-270x270.png 270w, https:\/\/redeblox.com.br\/wp-content\/uploads\/2024\/08\/cropped-Favicoin-192x192.png 192w, https:\/\/redeblox.com.br\/wp-content\/uploads\/2024\/08\/cropped-Favicoin-180x180.png 180w, https:\/\/redeblox.com.br\/wp-content\/uploads\/2024\/08\/cropped-Favicoin-32x32.png 32w\" sizes=\"auto, (max-width: 127px) 100vw, 127px\" \/><\/div>\n\n\n<p>En nuestro blog encontrar\u00e1s an\u00e1lisis detallados de los juegos m\u00e1s populares de la plataforma, cobertura de las \u00faltimas actualizaciones y noticias de Roblox. Nuestro compromiso es proporcionarte, querido lector, informaci\u00f3n precisa y \u00fatil para que puedas sacar el m\u00e1ximo partido a tu experiencia en el universo Roblox.<\/p>\n\n\n\n<p>Tanto si eres un novato curioso como un veterano experimentado, la Red Blox est\u00e1 aqu\u00ed para guiarte a trav\u00e9s de este vasto y diverso mundo de juegos. \u00a1Acomp\u00e1\u00f1anos en este emocionante viaje mientras exploramos nuevos mundos, desafiamos nuestras habilidades y nos divertimos al m\u00e1ximo en Roblox!<\/p>\n\n\n\n<p>Gracias por formar parte de esta aventura. Estamos encantados de compartir nuestros conocimientos y entusiasmo contigo y con la comunidad Roblox.<\/p>","protected":false},"excerpt":{"rendered":"<p>Bienvenido a Rede Blox, \u00a1tu portal definitivo para sumergirte en el fascinante mundo de los juegos y las electrizantes noticias disponibles en la plataforma Roblox! Fundada por Willian Santos, m\u00e1s conocido como KAPOLAR, un YouTuber de Roblox con m\u00e1s de 1 mill\u00f3n de suscriptores en su canal, Rede Blox naci\u00f3 de la pasi\u00f3n por compartir conocimientos y entusiasmo [...].<\/p>","protected":false},"author":1,"featured_media":0,"parent":0,"menu_order":0,"comment_status":"closed","ping_status":"closed","template":"","meta":{"footnotes":""},"class_list":["post-68","page","type-page","status-publish","hentry"],"blocksy_meta":[],"_links":{"self":[{"href":"https:\/\/redeblox.com.br\/es\/wp-json\/wp\/v2\/pages\/68","targetHints":{"allow":["GET"]}}],"collection":[{"href":"https:\/\/redeblox.com.br\/es\/wp-json\/wp\/v2\/pages"}],"about":[{"href":"https:\/\/redeblox.com.br\/es\/wp-json\/wp\/v2\/types\/page"}],"author":[{"embeddable":true,"href":"https:\/\/redeblox.com.br\/es\/wp-json\/wp\/v2\/users\/1"}],"replies":[{"embeddable":true,"href":"https:\/\/redeblox.com.br\/es\/wp-json\/wp\/v2\/comments?post=68"}],"version-history":[{"count":6,"href":"https:\/\/redeblox.com.br\/es\/wp-json\/wp\/v2\/pages\/68\/revisions"}],"predecessor-version":[{"id":494,"href":"https:\/\/redeblox.com.br\/es\/wp-json\/wp\/v2\/pages\/68\/revisions\/494"}],"wp:attachment":[{"href":"https:\/\/redeblox.com.br\/es\/wp-json\/wp\/v2\/media?parent=68"}],"curies":[{"name":"wp","href":"https:\/\/api.w.org\/{rel}","templated":true}]}}