{"id":111,"date":"2024-08-02T04:00:18","date_gmt":"2024-08-02T04:00:18","guid":{"rendered":"https:\/\/redeblox.com.br\/?page_id=111"},"modified":"2024-08-02T04:02:36","modified_gmt":"2024-08-02T04:02:36","slug":"pongase-en-contacto-con","status":"publish","type":"page","link":"https:\/\/redeblox.com.br\/es\/pongase-en-contacto-con\/","title":{"rendered":"P\u00f3ngase en contacto con"},"content":{"rendered":"<p><strong>P\u00f3ngase en contacto<\/strong><\/p>\n\n\n\n<p>\u00bfTiene alguna pregunta o sugerencia? Estaremos encantados de escucharle. Puede ponerse en contacto con nosotros de dos maneras:<\/p>\n\n\n\n<p><strong>Correo electr\u00f3nico<\/strong><\/p>\n\n\n\n<p>Env\u00ede un correo electr\u00f3nico a <a>contato@redeblox.com<\/a>Haremos todo lo posible por responderle lo antes posible.<\/p>\n\n\n\n<p><strong>Formulario de contacto<\/strong><\/p>\n\n\n\n<p>\u00bfPrefiere un enfoque diferente? Rellene el siguiente formulario con sus datos b\u00e1sicos y su mensaje. En breve nos pondremos en contacto con usted.<\/p>\n\n\n\n\t<style id=\"wpforms-css-vars-113\">\n\t\t\t\t#wpforms-113 {\n\t\t\t\t\n\t\t\t}\n\t\t\t<\/style><div class=\"wpforms-container wpforms-container-full wpforms-render-modern\" id=\"wpforms-113\"><form id=\"wpforms-form-113\" class=\"wpforms-validate wpforms-form wpforms-ajax-form\" data-formid=\"113\" method=\"post\" enctype=\"multipart\/form-data\" action=\"\/es\/wp-json\/wp\/v2\/pages\/111\" data-token=\"4d7df37faa78a3f8589871d9f58c4e42\" data-token-time=\"1778325521\" data-trp-original-action=\"\/es\/wp-json\/wp\/v2\/pages\/111\"><noscript class=\"wpforms-error-noscript\">Active JavaScript en su navegador para rellenar este formulario.<\/noscript><div id=\"wpforms-error-noscript\" style=\"display: none;\">Active JavaScript en su navegador para rellenar este formulario.<\/div><div class=\"wpforms-field-container\"><div id=\"wpforms-113-field_0-container\" class=\"wpforms-field wpforms-field-name\" data-field-id=\"0\"><fieldset><legend class=\"wpforms-field-label\">Nombre <span class=\"wpforms-required-label\" aria-hidden=\"true\">*<\/span><\/legend><div class=\"wpforms-field-row wpforms-field-medium\"><div class=\"wpforms-field-row-block wpforms-first wpforms-one-half\"><input type=\"text\" id=\"wpforms-113-field_0\" class=\"wpforms-field-name-first wpforms-field-required\" name=\"wpforms[fields][0][first]\" placeholder=\"Nombre\" aria-errormessage=\"wpforms-113-field_0-error\" required><label for=\"wpforms-113-field_0\" class=\"wpforms-field-sublabel after\">Nombre<\/label><\/div><div class=\"wpforms-field-row-block wpforms-one-half\"><input type=\"text\" id=\"wpforms-113-field_0-last\" class=\"wpforms-field-name-last wpforms-field-required\" name=\"wpforms[fields][0][last]\" placeholder=\"Apellido\" aria-errormessage=\"wpforms-113-field_0-last-error\" required><label for=\"wpforms-113-field_0-last\" class=\"wpforms-field-sublabel after\">Apellidos<\/label><\/div><\/div><\/fieldset><\/div><div id=\"wpforms-113-field_1-container\" class=\"wpforms-field wpforms-field-email\" data-field-id=\"1\"><label class=\"wpforms-field-label\" for=\"wpforms-113-field_1\">Correo electr\u00f3nico <span class=\"wpforms-required-label\" aria-hidden=\"true\">*<\/span><\/label><input type=\"email\" id=\"wpforms-113-field_1\" class=\"wpforms-field-medium wpforms-field-required\" name=\"wpforms[fields][1]\" spellcheck=\"false\" aria-errormessage=\"wpforms-113-field_1-error\" required><\/div><div id=\"wpforms-113-field_2-container\" class=\"wpforms-field wpforms-field-textarea\" data-field-id=\"2\"><label class=\"wpforms-field-label\" for=\"wpforms-113-field_2\">Mensaje<\/label><textarea id=\"wpforms-113-field_2\" class=\"wpforms-field-medium\" name=\"wpforms[fields][2]\" aria-errormessage=\"wpforms-113-field_2-error\" ><\/textarea><\/div><\/div><!-- .wpforms-field-container --><div class=\"wpforms-submit-container\" ><input type=\"hidden\" name=\"wpforms[id]\" value=\"113\"><input type=\"hidden\" name=\"page_title\" value=\"\"><input type=\"hidden\" name=\"page_url\" value=\"https:\/\/redeblox.com.br\/es\/wp-json\/wp\/v2\/pages\/111\"><input type=\"hidden\" name=\"url_referer\" value=\"\"><button type=\"submit\" name=\"wpforms[submit]\" id=\"wpforms-submit-113\" class=\"wpforms-submit\" data-alt-text=\"Sending...\" data-submit-text=\"Submit\" aria-live=\"assertive\" value=\"wpforms-submit\">Enviar<\/button><img loading=\"lazy\" decoding=\"async\" src=\"https:\/\/redeblox.com.br\/wp-content\/plugins\/wpforms-lite\/assets\/images\/submit-spin.svg\" class=\"wpforms-submit-spinner\" style=\"display: none;\" width=\"26\" height=\"26\" alt=\"Cargando\"><\/div><input type=\"hidden\" name=\"trp-form-language\" value=\"es\"\/><\/form><\/div>  <!-- .wpforms-container -->","protected":false},"excerpt":{"rendered":"<p>Contacto \u00bfTiene alguna pregunta o sugerencia? Estaremos encantados de escucharle. Puede ponerse en contacto con nosotros de dos formas: Correo electr\u00f3nico Env\u00ede un correo electr\u00f3nico a contato@redeblox.com, y haremos todo lo posible por responderle lo antes posible. Formulario de contacto \u00bfPrefiere otro m\u00e9todo? Rellene el siguiente formulario con sus datos b\u00e1sicos y su mensaje. Le responderemos [...]<\/p>","protected":false},"author":1,"featured_media":0,"parent":0,"menu_order":0,"comment_status":"closed","ping_status":"closed","template":"","meta":{"footnotes":""},"class_list":["post-111","page","type-page","status-publish","hentry"],"blocksy_meta":[],"_links":{"self":[{"href":"https:\/\/redeblox.com.br\/es\/wp-json\/wp\/v2\/pages\/111","targetHints":{"allow":["GET"]}}],"collection":[{"href":"https:\/\/redeblox.com.br\/es\/wp-json\/wp\/v2\/pages"}],"about":[{"href":"https:\/\/redeblox.com.br\/es\/wp-json\/wp\/v2\/types\/page"}],"author":[{"embeddable":true,"href":"https:\/\/redeblox.com.br\/es\/wp-json\/wp\/v2\/users\/1"}],"replies":[{"embeddable":true,"href":"https:\/\/redeblox.com.br\/es\/wp-json\/wp\/v2\/comments?post=111"}],"version-history":[{"count":2,"href":"https:\/\/redeblox.com.br\/es\/wp-json\/wp\/v2\/pages\/111\/revisions"}],"predecessor-version":[{"id":116,"href":"https:\/\/redeblox.com.br\/es\/wp-json\/wp\/v2\/pages\/111\/revisions\/116"}],"wp:attachment":[{"href":"https:\/\/redeblox.com.br\/es\/wp-json\/wp\/v2\/media?parent=111"}],"curies":[{"name":"wp","href":"https:\/\/api.w.org\/{rel}","templated":true}]}}